{"id":21,"date":"2020-02-06T13:26:09","date_gmt":"2020-02-06T12:26:09","guid":{"rendered":"http:\/\/www.trentingarden.com\/site\/?page_id=21"},"modified":"2024-11-12T17:49:44","modified_gmt":"2024-11-12T16:49:44","slug":"la-storia","status":"publish","type":"page","link":"https:\/\/www.trentingarden.com\/site\/il-garden\/la-storia\/","title":{"rendered":"La Storia"},"content":{"rendered":"\n<figure class=\"wp-block-image size-large\"><img loading=\"lazy\" decoding=\"async\" width=\"1024\" height=\"431\" src=\"http:\/\/www.trentingarden.com\/site\/wp-content\/uploads\/2020\/02\/storia-1024x431.jpg\" alt=\"\" class=\"wp-image-64\" srcset=\"https:\/\/www.trentingarden.com\/site\/wp-content\/uploads\/2020\/02\/storia-1024x431.jpg 1024w, https:\/\/www.trentingarden.com\/site\/wp-content\/uploads\/2020\/02\/storia-300x126.jpg 300w, https:\/\/www.trentingarden.com\/site\/wp-content\/uploads\/2020\/02\/storia-768x323.jpg 768w, https:\/\/www.trentingarden.com\/site\/wp-content\/uploads\/2020\/02\/storia.jpg 1140w\" sizes=\"(max-width: 1024px) 100vw, 1024px\" \/><\/figure>\n\n\n\n<p>Nonno Giuseppe, capostipite dei fiorai Trentin di Pordenone aveva origini padovane, era nato nel 1858, ed aveva imparato il mestiere guardando ai nomi prestigiosi di allora, come i Fantin di Venezia e i Mazzuccato di Padova.<br>\nAveva iniziato a smerciare fiori, dopo averli coltivati nel suo giardino, fino a divenire fornitore ufficiale di casa Wollemborg di Loreggia (Leone era senatore del Regno) molto vicina alla Casa Reale italiana. Dopo un&#8217;esperienza realizzata a Castelfranco Veneto Giuseppe decise di spostarsi a Pordenone.<br>\nEra il 1912 e due anni dopo apriva un&#8217;attivit\u00e0 nella quale gi\u00e0 da subito non avrebbe avuto rivali. Nessuno, infatti, fino ad allora aveva pensato che i romantici, pallidi e caduchi fiori potessero offrire un &#8220;business&#8221;. Lui, invece, aveva avuto l&#8217;intuizione giusta, ma soprattutto aveva creduto nella sua grande passione per i fiori.<br>\nA Pordenone il suo primo vivaio sorse in via Mazzini e nel 1929 apr\u00ec un negozio in Contrada Maggiore, ma gi\u00e0 dal 1921 l&#8217;azienda poteva fregiarsi dello Stemma Reale affisso sull&#8217;insegna pubblicitaria ed esibita in questo modo fino alla seconda Guerra Mondiale. Dopo l&#8217;evento bellico l&#8217;attivit\u00e0 riprese intensa, oltre al negozio di Pordenone si doveva seguire anche quello di Portogruaro unitamente all&#8217;attivit\u00e0 vivaistica (fino a servire anche comuni vicino a Venezia), un&#8217;attivit\u00e0 tuttora fiorente.<br>\nGiuseppe amava cos\u00ec tanto i fiori da aver dato ai propri figli altrettanti nomi spesso singolari come Vaniglia, Amarilli, Tuberosa.<br>\nLa zia Tuberosa, come ricorda oggi Mario, nipote del fondatore e figlio di Gino Trentin, parlando del nonno e della propria infanzia trascorsa in questo suo lavoro di &#8220;fioraio&#8221; che gli ha insegnato oltre a tante altre cose la tolleranza e la benevolenza.<br>\nE&#8217; ormai quasi un secolo (mancano solo nove anni alla fatidica data del 2014) che i Trentin &#8220;lo dicono con un fiore&#8221; come recita il detto. E ci sono riusciti cos\u00ec bene da diventare molto popolari in citt\u00e0 ed in provincia, tanto da uniformare le generazioni e non far distinzione, se vogliamo, fra il capostipite e gli altri che sono seguiti dopo di lui. Loro sono i Trentin e basta.<br>\nOggi l&#8217;attivit\u00e0 dei Trentin si svolge con la realizzazione di un nuovo garden con lo stesso attaccamento, competenza ed amore delle origini. Sotto questo aspetto nulla \u00e8 cambiato, nemmeno per Alessandro, figlio di Mario che con la moglie Paola \u00e8 il nuovo depositario di un &#8220;passaparola&#8221; attendibile in ogni senso nel custodire e far crescere un&#8217;immagine ormai storica.<br>\nSull&#8217;onda dei ricordi Mario racconta i tempo della gloriosa &#8220;Veglia dei Fiori&#8221; di Pordenone che anche le nuove generazioni e non solo locali ricordano almeno per sentito dire.<br>\nE il gusto, com&#8217;\u00e8 cambiato? Mario sorride bonariamente precisando che il gusto oggi subisce molto il fascino dello &#8220;strano&#8221; anche nel campo floreale, pur se nei decenni la professionalit\u00e0 di chi lavora in questo settore \u00e8 molto migliorata, come esigono i tempi moderni.<br>\nLa migliore immagine dei Trentin corrisponde a precise caratteristiche come la seriet\u00e0 che vuole i fiori da smerciare sempre freschi privilegiando alla confezione artificiosa(che puo&#8217; nascondere certi &#8220;difetti&#8221;) la vera bellezza naturale che essi offrono. A questo va aggiunto il prezzo giusto e il gioco \u00e8 fatto. La qualit\u00e0 non \u00e8 apparenza, ecco il segreto del loro successo.<br>\nTutte le cose bisogna, insomma, conquistarle e qui ritorna &#8220;l&#8217;anima antica&#8221; dei Trentin, sempre attraverso le parole di Mario che alla passione per i fiori aggiunge quella per la musica. Ma non poteva essere che cosi&#8217;quando la natura trasmette delle emozioni in stretta relazione a quelle trasmesse da una composizione musicale.<\/p>\n","protected":false},"excerpt":{"rendered":"<p>Nonno Giuseppe, capostipite dei fiorai Trentin di Pordenone aveva origini padovane, era nato nel 1858, ed aveva imparato il mestiere guardando ai nomi prestigiosi di allora, come i Fantin di <a class=\"more-link\" href=\"https:\/\/www.trentingarden.com\/site\/il-garden\/la-storia\/\">Continua&#8230;<\/a><\/p>\n","protected":false},"author":1,"featured_media":0,"parent":17,"menu_order":1,"comment_status":"closed","ping_status":"closed","template":"","meta":{"footnotes":""},"class_list":["post-21","page","type-page","status-publish","hentry"],"_links":{"self":[{"href":"https:\/\/www.trentingarden.com\/site\/wp-json\/wp\/v2\/pages\/21"}],"collection":[{"href":"https:\/\/www.trentingarden.com\/site\/wp-json\/wp\/v2\/pages"}],"about":[{"href":"https:\/\/www.trentingarden.com\/site\/wp-json\/wp\/v2\/types\/page"}],"author":[{"embeddable":true,"href":"https:\/\/www.trentingarden.com\/site\/wp-json\/wp\/v2\/users\/1"}],"replies":[{"embeddable":true,"href":"https:\/\/www.trentingarden.com\/site\/wp-json\/wp\/v2\/comments?post=21"}],"version-history":[{"count":2,"href":"https:\/\/www.trentingarden.com\/site\/wp-json\/wp\/v2\/pages\/21\/revisions"}],"predecessor-version":[{"id":65,"href":"https:\/\/www.trentingarden.com\/site\/wp-json\/wp\/v2\/pages\/21\/revisions\/65"}],"up":[{"embeddable":true,"href":"https:\/\/www.trentingarden.com\/site\/wp-json\/wp\/v2\/pages\/17"}],"wp:attachment":[{"href":"https:\/\/www.trentingarden.com\/site\/wp-json\/wp\/v2\/media?parent=21"}],"curies":[{"name":"wp","href":"https:\/\/api.w.org\/{rel}","templated":true}]}}